{"id":213,"date":"2025-03-28T17:52:19","date_gmt":"2025-03-28T20:52:19","guid":{"rendered":"https:\/\/projetos.rafaelcavalcante.com\/studiodms\/?page_id=213"},"modified":"2025-04-08T21:30:07","modified_gmt":"2025-04-09T00:30:07","slug":"estudos-formacoes-e-graduacoes","status":"publish","type":"page","link":"https:\/\/projetos.rafaelcavalcante.com\/studiodms\/estudos-formacoes-e-graduacoes\/","title":{"rendered":"Estudos, forma\u00e7\u00f5es e gradua\u00e7\u00f5es"},"content":{"rendered":"<p><strong>2024<\/strong><br \/>\n\u2022 Tergar International<br \/>\nFlight of the Garuda \u2013 post Path of Liberation V &#8211; com Mingyur Rinpoche<\/p>\n<p><strong>2023<br \/>\n<\/strong>\u2022 Palpung Sherab Ling Monastery, Upper Bhattu Via Baijnath, Kangra, Himachal Pradesh, India<br \/>\nSemin\u00e1rio de Mahamudra N\u00edvel IV (revis\u00e3o) e V (conclus\u00e3o) com Mingyur Rinpoche<\/p>\n<p>\u2022 Tergar International<br \/>\nPath of Liberation V com Mingyur Rinpoche.<\/p>\n<p>\u2022 Sarnath International Nyingma Institute<br \/>\nTibetan language SINI<\/p>\n<p><strong>2022<br \/>\n<\/strong>\u2022 Tergar International, S\u00e3o Paulo, SP, Brasil<br \/>\nPath of Liberation III e IV e inicia\u00e7\u00e3o de Tara Branca com Mingyur Rinpoche<\/p>\n<p>\u2022 Tergar International<br \/>\nThe Union of Mahamudra and Dzogchen: Mingyur Rinpoche<\/p>\n<p><strong>2021<\/strong><br \/>\n\u2022 Tergar\u00a0 International<br \/>\nSelf- Liberating Meditation com Mingyur Rinpoche<\/p>\n<p>\u2022 Tergar International<br \/>\nPatrul Rinpoche on Dzogchen com Mingyur Rinpoche<\/p>\n<p>\u2022 Tergar International<br \/>\nPath of Liberation III e IV com Mingyur Rinpoche<\/p>\n<p><strong>2020<br \/>\n<\/strong>\u2022 Emory University, Atlanta, Georgia, EUA \u2013 Center for Contemplative Science and Compassion-Based Ethics (CCSCBE)<br \/>\nCerificado de conclus\u00e3o da forma\u00e7\u00e3o de facilitador N\u00edvel 1 do programa SEE Learning<\/p>\n<p>\u2022 Tergar International<br \/>\nDzogchen: The Path of Natural Liberation com Mingyur Rinpoche<\/p>\n<p>\u2022 Tergar International<br \/>\nMeditation and Science of Human Flourishing com Mingyur Rinpoche<\/p>\n<p><strong>2019<br \/>\n<\/strong>\u2022 Emory University, Atlanta, Georgia, EUA \u2013 Center for Contemplative Science and Compassion-Based Ethics (CCSCBE)<br \/>\nCerificado de conclus\u00e3o da forma\u00e7\u00e3o de instrutor SENIOR do Cognitively based Compassion Training (CBCT) \u2013 (2019\/2020)<\/p>\n<p>\u2022 Emory University, Center for Contemplative Science and Compassion-Based Ethics (CCSCBE)<br \/>\nLan\u00e7amento Global e workshop do programa SEE Learning pelo Center for Contemplative Science and Compassion-Based Ethics (CCSCBE) com a presen\u00e7a de SS. Dalai Lama em Nova Delhi, India<\/p>\n<p><strong>2018<br \/>\n<\/strong>\u2022 Palden Shangpa La Boulaye, La Boulaye, Bourgogne, Fran\u00e7a<br \/>\nParticipa\u00e7\u00e3o no 3o Shangpa Monlam e estudos e retiro de pr\u00e1tica de Drubchen de Tara Verde com Kyabje Kalu Rinpoche<\/p>\n<p><strong>2017<br \/>\n<\/strong>\u2022 Emory University, Atlanta, Georgia, EUA \u2013 Center for Contemplative Science and Compassion-Based Ethics (CCSCBE)<br \/>\nCerificado de conclus\u00e3o da forma\u00e7\u00e3o de instrutor do Cognitively based Compassion Training (CBCT) \u2013 (2016\/2017)<\/p>\n<p><strong>2016<br \/>\n<\/strong>\u2022 Palden Shangpa La Boulaye, La Boulaye, Bourgogne, Fran\u00e7a<br \/>\nParticipa\u00e7\u00e3o no 2o Shangpa Monlam e estudos e retiro de pr\u00e1tica de Drubchen de Mahakala Chadrugpa com Kyabje Kalu Rinpoche<\/p>\n<p>\u2022 Sociedade Latino Americana de Coaching \u2013 SLAC, S\u00e3o Paulo, SP, Brasil<br \/>\nForma\u00e7\u00e3o completa como Professional Coaching, S\u00e3o Paulo, SP<\/p>\n<p>\u2022 Escola Nacional de Administra\u00e7\u00e3o P\u00fablica \u2013 ENAP, Bras\u00edlia, DF, Brasil<br \/>\nForma\u00e7\u00e3o completa como Multiplicador MROSC para consultoria em gest\u00e3o de parcerias entre poder p\u00fablico e OSCs<\/p>\n<p>\u2022 Inkinspira, S\u00e3o Paulo, SP, Brasil<br \/>\nForma\u00e7\u00e3o completa em PMD Pro &#8211; Gest\u00e3o de projetos sociais (APMGroup)<\/p>\n<p>\u2022 University of Georgia &#8211; UGA, J. W. Instituto Fanning, Atenas, GA, EUA<br \/>\nForma\u00e7\u00e3o completa em Media\u00e7\u00e3o extra-judicial e judicial<\/p>\n<p><strong>2015<br \/>\n<\/strong>\u2022 Instituto de Bach, Brasilia, DF, Brasil<br \/>\nForma\u00e7\u00e3o completa em Terapia floral practitioner N\u00edveis l I, II e III (2014\/2015)<\/p>\n<p>\u2022 Library of Tibetan Works and Archives (LTWA), Dharamsala, Himachal Pradesh, India<br \/>\nEstudos do texto madhyamika prasanghika Entering in the Middle Way de Chandrakirti<\/p>\n<p>\u2022 Library of Tibetan Works and Archives (LTWA), Dharamsala, Himachal Pradesh, India<br \/>\nEstudos da l\u00edngua tibetana, N\u00edveis b\u00e1sico e intermedi\u00e1rio<\/p>\n<p>\u2022 Palpung Sherab Ling Monastery, Upper Bhattu Via Baijnath, Kangra, Himachal Pradesh, India<br \/>\nEstudos e retiro de pr\u00e1tica de Lojong com VajradharaTai Situ Rinpoche<\/p>\n<p>\u2022 Dongyu Gatsal Ling (DGL) Nunnery, Himachal Pradesh, India<br \/>\nEstudos e retiro de pr\u00e1tica de Tara Verde com Jetsuma Tenzin Pamo<\/p>\n<p><strong>2014<br \/>\n<\/strong>\u2022 Dagshang Kagyu, Panilo,\u00a0 Huesca, Espanha<br \/>\nEstudos e retiro de pr\u00e1tica de Lojong com Kyabje Kalu Rinpoche<\/p>\n<p><strong>2013<br \/>\n<\/strong>\u2022 Kagyu Pende Gyamtso, Bras\u00edlia, DF, Brasil<br \/>\nForma\u00e7\u00e3o completa no tradicional retiro de reclus\u00e3o budista vajrayana de 3 anos, 3 meses e 3 dias (03\/2010 a 06\/2013)<\/p>\n<p><strong>2009<br \/>\n<\/strong>\u2022 Tergar International, S\u00e3o Paulo, SP, Brasil<br \/>\nSemin\u00e1rio de Mahamudra &#8211; N\u00edvel III com Mingyur Rinpoche<\/p>\n<p>\u2022 Samdrub Darjay Choling Monastery, Sonada, Dardjeeling West Bengal, India<br \/>\nCiclo completo de inicia\u00e7\u00f5es da linhagem Palden Shangpa com Kyabje Kalu Rinpoche para participa\u00e7\u00e3o no tradicional retiro de 3 anos, 3 meses e 3 dias no Brasil<\/p>\n<p><strong>2008<br \/>\n<\/strong>\u2022 Samdrub Darjay Choling Monastery, Sonada, Dardjeeling, West Bengal, India<br \/>\nCerim\u00f4nia de sa\u00edda do retiro de e anos 3 meses e 3 dias de Kyabje Kalu Rinpoche<\/p>\n<p>\u2022 Palpung Sherab Ling Monastery, Upper Bhattu Via Baijnath, Kangra, Himachal Pradesh, India<br \/>\nParticipa\u00e7\u00e3o\u00a0 3o ano do ciclo de ensinamentos do Ter Nga Dzo com\u00a0 VajradharaTai Situ Rinpoche<\/p>\n<p><strong>2007<br \/>\n<\/strong>\u2022 Tergar International, S\u00e3o Paulo, SP, Brasil<br \/>\nIn\u00edcio do Semin\u00e1rio de Mahamudra (5 anos)\u00a0 \u2013 N\u00edveis I e II &#8211; Mingyur Rinpoche, S\u00e3o Paulo, SP<\/p>\n<p><strong>2006<br \/>\n<\/strong>\u2022 Templo Zulai, Cotia, SP, Brasil<br \/>\nEnsinamentos com SS Dalai Lama (Oito Versos de Langri Thangpa)<\/p>\n<p>\u2022 In\u00edcio da prepara\u00e7\u00e3o para participa\u00e7\u00e3o no tradicional retiro de reclus\u00e3o budista vajrayana de 3 anos, 3 meses e 3 dias o retiro de 3 anos 3 meses e 3 dias (02\/2006 \u00e0 02\/2010)<\/p>\n<p><strong>2005 &#8211; 2006<br \/>\n<\/strong>\u2022 Universidade de Bras\u00edlia &#8211; UnB, Bras\u00edlia, DF, Brasil<br \/>\nGradua\u00e7\u00e3o (incompleta) em Ci\u00eancias Sociais<\/p>\n<p><strong>2004 &#8211; 2007<br \/>\n<\/strong>\u2022 Associa\u00e7\u00e3o da Refunda\u00e7\u00e3o Psicanal\u00edtica Internacional &#8211; ARPI, Bras\u00edlia, DF, Brasil<br \/>\nForma\u00e7\u00e3o completa em Cl\u00ednica Psicanal\u00edtica<\/p>\n<p><strong>2001 &#8211; 2005<br \/>\n<\/strong>\u2022 Pontif\u00edcia Universidade Cat\u00f3lica &#8211; PUC, S\u00e3o Paulo, SP, Brasil<br \/>\nP\u00f3s-gradua\u00e7\u00e3o strictu sensu completa em Mestrado na disciplina de Direito P\u00fablico<\/p>\n<p><strong>1999 &#8211; 2000<br \/>\n<\/strong>\u2022 Escola Superior de Direito Constitucional &#8211; ESDC, S\u00e3o Paulo, SP, Brasil<br \/>\nP\u00f3s-gradua\u00e7\u00e3o lato sensu completa na disciplina de Direito Constitucional<\/p>\n<p><strong>1999<br \/>\n<\/strong>\u2022 Harvard University, Cambridge, MA, EUA<br \/>\nInternational Business summer course &#8211; n\u00edvel de p\u00f3s-gradua\u00e7\u00e3o<\/p>\n<p>\u2022 Harvard University, Cambridge, MA, EUA<br \/>\nModern Polithical Philosophy summer course &#8211; n\u00edvel de p\u00f3s-gradua\u00e7\u00e3o<\/p>\n<p><strong>1997<br \/>\n<\/strong>\u2022 University of California (UCR), Riversidade, CA, EUA<br \/>\ncurso de imers\u00e3o em l\u00edngua inglesa e English as second language<\/p>\n<p><strong>1993 &#8211; 1997<br \/>\n<\/strong>\u2022 Pontif\u00edcia Universidade Cat\u00f3lica &#8211; PUC, S\u00e3o Paulo, SP, Brasil<br \/>\nGradua\u00e7\u00e3o em Direito<\/p>\n<p><strong>1979 &#8211; 1991<br \/>\n<\/strong>\u2022 Col\u00e9gio Menin\u00f3polis, S\u00e3o Paulo, SP, Brasil<br \/>\nAnos iniciais, ensino fundamental e ensino m\u00e9dio<\/p>\n<p>&nbsp;<\/p>\n","protected":false},"excerpt":{"rendered":"<p>2024 \u2022 Tergar International Flight of the Garuda \u2013 post Path of Liberation V &#8211; com Mingyur Rinpoche 2023 \u2022 Palpung Sherab Ling Monastery, Upper Bhattu Via Baijnath, Kangra, Himachal Pradesh, India Semin\u00e1rio de Mahamudra N\u00edvel IV (revis\u00e3o) e V (conclus\u00e3o) com Mingyur Rinpoche \u2022 Tergar International Path of Liberation V com Mingyur Rinpoche. \u2022 [&hellip;]<\/p>\n","protected":false},"author":2,"featured_media":0,"parent":0,"menu_order":0,"comment_status":"closed","ping_status":"closed","template":"","meta":{"_acf_changed":false,"footnotes":""},"class_list":["post-213","page","type-page","status-publish","hentry"],"acf":[],"_links":{"self":[{"href":"https:\/\/projetos.rafaelcavalcante.com\/studiodms\/wp-json\/wp\/v2\/pages\/213","targetHints":{"allow":["GET"]}}],"collection":[{"href":"https:\/\/projetos.rafaelcavalcante.com\/studiodms\/wp-json\/wp\/v2\/pages"}],"about":[{"href":"https:\/\/projetos.rafaelcavalcante.com\/studiodms\/wp-json\/wp\/v2\/types\/page"}],"author":[{"embeddable":true,"href":"https:\/\/projetos.rafaelcavalcante.com\/studiodms\/wp-json\/wp\/v2\/users\/2"}],"replies":[{"embeddable":true,"href":"https:\/\/projetos.rafaelcavalcante.com\/studiodms\/wp-json\/wp\/v2\/comments?post=213"}],"version-history":[{"count":8,"href":"https:\/\/projetos.rafaelcavalcante.com\/studiodms\/wp-json\/wp\/v2\/pages\/213\/revisions"}],"predecessor-version":[{"id":261,"href":"https:\/\/projetos.rafaelcavalcante.com\/studiodms\/wp-json\/wp\/v2\/pages\/213\/revisions\/261"}],"wp:attachment":[{"href":"https:\/\/projetos.rafaelcavalcante.com\/studiodms\/wp-json\/wp\/v2\/media?parent=213"}],"curies":[{"name":"wp","href":"https:\/\/api.w.org\/{rel}","templated":true}]}}